{"id":1075,"date":"2023-10-30T09:34:10","date_gmt":"2023-10-30T09:34:10","guid":{"rendered":"https:\/\/ca2l.com\/politica-de-privacidad\/"},"modified":"2024-12-19T11:34:42","modified_gmt":"2024-12-19T11:34:42","slug":"politica-de-privadesa","status":"publish","type":"page","link":"https:\/\/ca2l.com\/ca\/politica-de-privadesa\/","title":{"rendered":"Pol\u00edtica de Privadesa"},"content":{"rendered":"\r\n<h2 class=\"wp-block-heading\" style=\"text-align: center;\">Pol\u00edtica de Privadesa<\/h2>\r\n<p><b>INTRODUCCI\u00d3<\/b><\/p>\r\n<p><span style=\"font-weight: 400;\">La seva privacitat \u00e9s important per a nosaltres, aix\u00ed que, mitjan\u00e7ant aquest document, expliquem quines dades recollim dels usuaris, com les utilitzem i per a qu\u00e8, entre altres indicacions.<\/span><\/p>\r\n<p><span style=\"font-weight: 400;\">Mai demanarem m\u00e9s informaci\u00f3 de la que realment necessitarem per als serveis requerits; mai no la compartirem amb tercers, excepte per obligaci\u00f3 legal o amb la seva autoritzaci\u00f3 pr\u00e8via; i mai no utilitzarem les seves dades per a una altra finalitat no indicada pr\u00e8viament.<\/span><\/p>\r\n<p><span style=\"font-weight: 400;\">Com a usuari, haur\u00e0 de llegir atentament aquesta Pol\u00edtica de Privacitat de manera regular, i sempre que introdueixi les seves dades personals, ja que aquest document pot patir modificacions per que el prestador pot modificar qualsevol tipus d\u2019informaci\u00f3 que pogu\u00e9s apar\u00e8ixer al web per complir amb la normativa o actualitzar la pol\u00edtica, i sense que hi hagi l\u2019obligaci\u00f3 de preavisar o posar en coneixement dels usuaris aquestes obligacions, i \u00e9s suficient la publicaci\u00f3 al lloc web del prestador.<\/span><\/p>\r\n<p><b>EMPRESES A LES QUALS S\u2019APLICA LA PRESENT POL\u00cdTICA DE PRIVACITAT<\/b><\/p>\r\n<p><span style=\"font-weight: 400;\">Per donar compliment a l\u2019article 10 de la Llei 34\/2002 de Serveis de la Societat de la Informaci\u00f3 i del Comer\u00e7 Electr\u00f2nic, informem els usuaris de les nostres dades:<\/span><\/p>\r\n<p><span style=\"font-weight: 400;\">Nom comercial: <\/span><b>CA2L NIF B-59571232<\/b><span style=\"font-weight: 400;\">. Domicili:\u00a0<\/span><b>c\/ Al\u00ed Bei, 57 baixos 08013 Barcelona<\/b><span style=\"font-weight: 400;\">. \u200b\u200bTel\u00e8fon:\u00a0<\/span><b>93 244 43 43<\/b><span style=\"font-weight: 400;\">. E-mail:<\/span><b>\u00a0<\/b><b>info@ca2L.com<\/b><span style=\"font-weight: 400;\">. <\/span><span style=\"font-weight: 400;\">Web:<\/span><span style=\"font-weight: 400;\">\u00a0<\/span><b>www.ca2L.com<\/b><\/p>\r\n<p><b>ca2L<\/b><span style=\"font-weight: 400;\">, com a responsable del lloc web, de conformitat amb el que disposa el Reglament (UE) 2016\/679 de 27 d\u2019abril de 2016 (RGPD) relatiu a la protecci\u00f3 de les persones f\u00edsiques pel que fa al tractament de dades personals i a la lliure circulaci\u00f3 d\u2019aquestes dades i la resta de normativa vigent en mat\u00e8ria de protecci\u00f3 de dades personals, i per la Llei 34\/2002, d\u201911 de juliol, de Serveis de la Societat de la Informaci\u00f3 i del Comer\u00e7 Electr\u00f2nic (LSSICE), us informa que t\u00e9 implementades les mesures de seguretat necess\u00e0ries, d\u2019\u00edndole t\u00e8cnica i organitzativa, per garantir i protegir la confidencialitat, integritat i disponibilitat de les dades introdu\u00efdes.<\/span><\/p>\r\n<p><b>M\u00c8TODE D\u2019OBTENCI\u00d3 DE LES DADES QUE RECAPTEM<\/b><span style=\"font-weight: 400;\"> Les dades que recollim i com els obtenim \u00e9s la seg\u00fcent:<\/span><\/p>\r\n<ol>\r\n<li><b> Formulari de contacte:<\/b><\/li>\r\n<\/ol>\r\n<ul>\r\n<li style=\"font-weight: 400;\" aria-level=\"1\"><span style=\"font-weight: 400;\">\u00a0Dades requerides: nom, e-mail, edat, tel\u00e8fon<\/span><\/li>\r\n<li style=\"font-weight: 400;\" aria-level=\"1\"><span style=\"font-weight: 400;\">\u00a0Finalitat: per respondre a les consultes i\/o proporcionar informacions requerides per l\u2019Usuari<\/span><\/li>\r\n<li style=\"font-weight: 400;\" aria-level=\"1\"><span style=\"font-weight: 400;\">\u00a0Legitimaci\u00f3: consentiment de l\u2019usuari<\/span><\/li>\r\n<\/ul>\r\n<ol start=\"2\">\r\n<li><b> Dur a terme la relaci\u00f3 contractual i les gestions administratives, fiscals i comptables an\u00e0logues i que siguin necess\u00e0ries en virtut de la legislaci\u00f3 vigent<\/b><\/li>\r\n<\/ol>\r\n<ul>\r\n<li style=\"font-weight: 400;\" aria-level=\"1\"><span style=\"font-weight: 400;\">\u00a0Dades requerides: nom i cognoms, tel\u00e8fon, adre\u00e7a, DNI, e-mail, signatura<\/span><\/li>\r\n<li style=\"font-weight: 400;\" aria-level=\"1\"><span style=\"font-weight: 400;\">\u00a0Finalitat: dur a terme la gesti\u00f3 comercial, fiscal i administrativa interna<\/span><\/li>\r\n<li style=\"font-weight: 400;\" aria-level=\"1\"><span style=\"font-weight: 400;\">\u00a0Legitimaci\u00f3: Consentiment de l\u2019interessat i relaci\u00f3 contractual<\/span><\/li>\r\n<\/ul>\r\n<p><span style=\"font-weight: 400;\">Podeu revocar en qualsevol moment el vostre consentiment remetent un escrit amb l\u2019assumpte \u00abBaixa\u00bb a l\u00b4e-mail ressenyat.<\/span><\/p>\r\n<p><span style=\"font-weight: 400;\">D\u2019acord amb la LSSICE, <\/span><b>ca2L<\/b><span style=\"font-weight: 400;\"> no fa pr\u00e0ctiques d\u2019SPAM, per tant, no envia correus comercials que no hagin estat pr\u00e8viament sol\u00b7licitats o autoritzats per l\u2019Usuari. En conseq\u00fc\u00e8ncia, a totes les comunicacions que rebr\u00e0 de <\/span><b>ca2L<\/b><span style=\"font-weight: 400;\">, l\u2019usuari t\u00e9 la possibilitat de cancel\u00b7lar el seu consentiment expr\u00e9s per rebre les nostres comunicacions.<\/span><\/p>\r\n<p><span style=\"font-weight: 400;\">No tractarem les seves dades personals per a cap altre fi que les descrites, excepte per obligaci\u00f3 legal o requeriment judicial.<\/span><\/p>\r\n<p><span style=\"font-weight: 400;\">No ser\u00e0 objecte de decisions basades en tractaments automatitzats que produeixin efectes sobre les seves dades.<\/span><\/p>\r\n<p><b>TERMINI DE CONSERVACI\u00d3 DE LES DADES:<\/b><\/p>\r\n<p><span style=\"font-weight: 400;\">Les seves dades es conservaran mentre duri la relaci\u00f3 comercial amb nosaltres o exerceixi el seu dret de cancel\u00b7laci\u00f3, oposici\u00f3, o limitaci\u00f3 al tractament. No obstant aix\u00f2, conservarem les seves dades en els terminis legalment previstos en les disposicions aplicables.<\/span><\/p>\r\n<p><b>DESTINATARIS DE CESSIONS O TRANSFER\u00c8NCIES:<\/b><\/p>\r\n<p><b>ca2L<\/b><span style=\"font-weight: 400;\"> podr\u00e0 contractar determinats serveis, la prestaci\u00f3 dels quals la realitzaran terceres empreses (Encarregats del tractament) a les quals se\u2019ls comunicaran les dades. Amb totes aquestes empreses es signa el corresponent contracte d\u2019encarregat de tractament per garantir que l\u2019\u00fas de les dades personals a qu\u00e8 donem acc\u00e9s per a la prestaci\u00f3 del servei, es realitzi d\u2019acord amb la legislaci\u00f3 vigent en mat\u00e8ria de protecci\u00f3 de dades.<\/span><\/p>\r\n<p><span style=\"font-weight: 400;\">Es podran cedir les seves dades entre les empreses de\u00a0<\/span><b>ca2L<\/b><span style=\"font-weight: 400;\">\u00a0i les forces i cossos de seguretat, sota ordre judicial o per obligaci\u00f3 d\u2019una norma legal, sense perjudici de poder bloquejar o cancel\u00b7lar el seu compte si hi pot haver indicis de la comissi\u00f3 d\u2019algun delicte per part de l\u2019usuari. La informaci\u00f3 facilitada ser\u00e0 nom\u00e9s la que disposi en aquell moment el prestador.<\/span><\/p>\r\n<p><span style=\"font-weight: 400;\">La informaci\u00f3 que ens proporcioni a trav\u00e9s d\u2019aquest lloc web ser\u00e0 allotjada als servidors de\u00a0<\/span><b>ca2L<\/b><span style=\"font-weight: 400;\">\u00a0contractats a l\u2019empresa que presta el servei d\u2019allotjament del web. El tractament de les dades de l\u2019entitat est\u00e0 regulat mitjan\u00e7ant un contracte d\u2019encarregat del tractament entre el prestador i aquesta empresa.<\/span><\/p>\r\n<p><span style=\"font-weight: 400;\">Aix\u00ed mateix, el prestador utilitza determinades eines per prestar serveis necessaris per al desenvolupament de l\u2019activitat, podent emmagatzemar les seves dades. Aquestes eines s\u00f3n les seg\u00fcents:<\/span><\/p>\r\n<p><b>Plataformes de mailing:<\/b><\/p>\r\n<ul>\r\n<li style=\"font-weight: 400;\" aria-level=\"1\"><span style=\"font-weight: 400;\">\u00a0Mailchimp: The Rocket Science Group, LLC, 675 Pon\u00e7 de Leon Ave NE, Suite 5000, Atlanta, GA 30308 USA.<\/span><\/li>\r\n<li style=\"font-weight: 400;\" aria-level=\"1\"><span style=\"font-weight: 400;\">\u00a0ZOHO: Data Protection Officer, Zoho Corporation BV, Beneluxlaan 4B, 3527 HT Utrecht, The Netherlands.<\/span><\/li>\r\n<\/ul>\r\n<p><b>DRETS DE LES PERSONES INTERESSADES:<\/b><\/p>\r\n<p><span style=\"font-weight: 400;\">Com a usuari-interessat, pot sol\u00b7licitar l\u2019exercici dels seg\u00fcents drets davant <\/span><b>ca2L<\/b><span style=\"font-weight: 400;\"> presentant un escrit a l\u2019adre\u00e7a postal de l\u2019encap\u00e7alament o enviant un correu electr\u00f2nic a <\/span><b>ca2L<\/b><span style=\"font-weight: 400;\"> indicant com a Assumpte: \u00abPROTECCI\u00d3 DE DADES: DRETS DELS AFECTATS\u201d.<\/span><\/p>\r\n<p><b>Drets:<\/b><\/p>\r\n<ul>\r\n<li style=\"font-weight: 400;\" aria-level=\"1\"><span style=\"font-weight: 400;\">\u00a0Dret d\u2019acc\u00e9s: permet a l\u2019interessat con\u00e8ixer i obtenir informaci\u00f3 sobre les seves dades de car\u00e0cter personal sotmeses a tractament.<\/span><\/li>\r\n<li style=\"font-weight: 400;\" aria-level=\"1\"><span style=\"font-weight: 400;\">\u00a0Dret de rectificaci\u00f3 o supressi\u00f3: permet corregir errors i modificar les dades que resultin ser inexactes o incompletes.<\/span><\/li>\r\n<li style=\"font-weight: 400;\" aria-level=\"1\"><span style=\"font-weight: 400;\">\u00a0Dret de cancel\u00b7laci\u00f3: permet que se suprimeixin les dades que siguin inadequades o excessives.<\/span><\/li>\r\n<li style=\"font-weight: 400;\" aria-level=\"1\"><span style=\"font-weight: 400;\">\u00a0Dret d\u2019oposici\u00f3: dret de l\u2019interessat que no es dugui a terme el tractament de les seves dades de car\u00e0cter personal o s\u2019hi cessi.<\/span><\/li>\r\n<li style=\"font-weight: 400;\" aria-level=\"1\"><span style=\"font-weight: 400;\">\u00a0Limitaci\u00f3 del tractament: comporta el marcatge de les dades personals conservades, per tal de limitar-ne el futur tractament, per a l\u2019exercici o la defensa de reclamacions.<\/span><\/li>\r\n<li style=\"font-weight: 400;\" aria-level=\"1\"><span style=\"font-weight: 400;\">\u00a0Portabilitat de les dades: facilitaci\u00f3 de les dades objecte de tractament a l\u00b4interessat, perqu\u00e8 aquest pugui transmetre a un altre responsable, sense impediments.<\/span><\/li>\r\n<li style=\"font-weight: 400;\" aria-level=\"1\"><span style=\"font-weight: 400;\">\u00a0Dret a no ser objecte de decisions individuals automatitzades (inclosa l\u2019elaboraci\u00f3 de perfils): dret a no ser objecte d\u2019una decisi\u00f3 basada en el tractament automatitzat que produeixi efectes o afecti significativament<\/span><\/li>\r\n<li style=\"font-weight: 400;\" aria-level=\"1\"><span style=\"font-weight: 400;\">\u00a0Com a usuari, teniu dret a retirar el consentiment donat en qualsevol moment. La retirada del consentiment no afecta la licitud del tractament efectuat abans de la retirada del consentiment.<\/span><\/li>\r\n<li style=\"font-weight: 400;\" aria-level=\"1\"><span style=\"font-weight: 400;\">\u00a0Tamb\u00e9 t\u00e9 dret a presentar una reclamaci\u00f3 davant l\u2019autoritat de control si considera que els seus drets s\u2019han vist vulnerats en relaci\u00f3 amb la protecci\u00f3 de les seves dades (aepd.es).<\/span><\/li>\r\n<\/ul>\r\n<p><b>INFORMACI\u00d3 ADDICIONAL<\/b><\/p>\r\n<p><b>MESURES DE SEGURETAT<\/b><\/p>\r\n<p><span style=\"font-weight: 400;\">Les dades que ens faciliti es tractaran de manera confidencial. El prestador ha adoptat totes les mesures t\u00e8cniques i organitzatives i tots els nivells de protecci\u00f3 necessaris per garantir la seguretat en el tractament de les dades i evitar-ne l\u2019alteraci\u00f3, la p\u00e8rdua, el robatori, el tractament o l\u2019acc\u00e9s no autoritzat, d\u2019acord amb l\u2019estat de la tecnologia i naturalesa de les dades emmagatzemades.\u00a0<\/span><\/p>\r\n<p><span style=\"font-weight: 400;\">Aix\u00ed mateix, es garanteix tamb\u00e9 que el tractament i registre en fitxers, programes, sistemes o equips, locals i centres, compleixen els requisits i les condicions d\u2019integritat i seguretat establertes a la normativa vigent.<\/span><\/p>\r\n<p><b>IDIOMA<\/b><\/p>\r\n<p><span style=\"font-weight: 400;\">L\u2019idioma aplicable a aquesta pol\u00edtica de privacitat \u00e9s el castell\u00e0. Per tant, en cas que hi hagu\u00e9s alguna contradicci\u00f3 en alguna de les versions facilitades en altres idiomes, prevaldr\u00e0 la versi\u00f3 en castell\u00e0.<\/span><\/p>\r\n<p><b>XARXES SOCIALS<\/b><\/p>\r\n<p><span style=\"font-weight: 400;\">Us informem que <\/span><b>ca2L<\/b><span style=\"font-weight: 400;\"> pot tenir pres\u00e8ncia a xarxes socials. El tractament de les dades que es dugui a terme de les persones que es facin seguidores a les xarxes socials (i\/o realitzin qualsevol vincle o acci\u00f3 de connexi\u00f3 a trav\u00e9s de les xarxes socials) de les p\u00e0gines oficials de <\/span><b>ca2L<\/b><span style=\"font-weight: 400;\"> es regir\u00e0 per aquest apartat, aix\u00ed com per a aquelles condicions d\u2019\u00fas, pol\u00edtiques de privacitat i normatives d\u2019acc\u00e9s que pertanyin a la xarxa social que procedeixi en cada cas i acceptades pr\u00e8viament per l\u2019usuari.<\/span><\/p>\r\n<p><b>ca2L<\/b><span style=\"font-weight: 400;\">\u00a0tractar\u00e0 les seves dades amb la finalitat d\u2019administrar correctament la seva pres\u00e8ncia a la xarxa social, informant d\u2019activitats, productes o serveis del prestador, aix\u00ed com per a qualsevol altra finalitat que les normatives de les Xarxes Socials permetin.<\/span><\/p>\r\n<p>&nbsp;<\/p>\r\n<p><b>Queda prohibida la publicaci\u00f3 de continguts:<\/b><\/p>\r\n<ul>\r\n<li style=\"font-weight: 400;\" aria-level=\"1\"><span style=\"font-weight: 400;\">\u00a0Que siguin presumptament il\u00b7l\u00edcits per la normativa nacional, comunit\u00e0ria o internacional o que facin activitats presumptament il\u00b7l\u00edcites o contravinguin els principis de la bona fe.<\/span><\/li>\r\n<li style=\"font-weight: 400;\" aria-level=\"1\"><span style=\"font-weight: 400;\">\u00a0Que atemptin contra els drets fonamentals de les persones, faltin a la cortesia de la xarxa, molestin o puguin generar opinions negatives en els nostres usuaris o tercers i en general qualssevol contingut que <\/span><b>ca2L<\/b><span style=\"font-weight: 400;\"> consideri inapropiat.<\/span><\/li>\r\n<li style=\"font-weight: 400;\" aria-level=\"1\"><span style=\"font-weight: 400;\">\u00a0I, en general, que contravinguin els principis de legalitat, honradesa, responsabilitat, protecci\u00f3 de la dignitat humana, protecci\u00f3 de menors, protecci\u00f3 de l\u2019ordre p\u00fablic, protecci\u00f3 de la vida privada, protecci\u00f3 del consumidor i els drets de propietat intel\u00b7lectual i industrial. Aix\u00ed mateix, <\/span><b>ca2L<\/b><span style=\"font-weight: 400;\"> \u00a0es reserva la potestat de retirar, sense av\u00eds previ del lloc web o de la xarxa social corporativa, aquells continguts que es considerin inadequats.<\/span><\/li>\r\n<li style=\"font-weight: 400;\" aria-level=\"1\"><span style=\"font-weight: 400;\">\u00a0En tot cas, si vost\u00e8 remet informaci\u00f3 personal a trav\u00e9s de la xarxa social, <\/span><b>ca2L<\/b><span style=\"font-weight: 400;\"> queda exempta de responsabilitat en relaci\u00f3 amb les mesures de seguretat aplicables a aquesta plataforma i l\u2019usuari, en cas de voler con\u00e8ixer-les, ha de consultar les corresponents condicions particulars de la xarxa en q\u00fcesti\u00f3.<\/span><\/li>\r\n<\/ul>\r\n<p><b>WHATSAPP<\/b><\/p>\r\n<p><span style=\"font-weight: 400;\">El tractament de les dades que es duguin a terme de les persones que facin una consulta a trav\u00e9s del WhatsApp de <\/span><b>ca2L<\/b><span style=\"font-weight: 400;\"> es regir\u00e0 per aquest apartat, aix\u00ed com aquelles condicions d\u2019\u00fas, pol\u00edtiques de privacitat i normatives d\u2019acc\u00e9s que pertanyin a l\u2019aplicaci\u00f3 que siguin procedents en cada cas i acceptades pr\u00e8viament per l\u2019usuari. <\/span><b>ca2L<\/b><span style=\"font-weight: 400;\">, tractar\u00e0 les seves dades amb la finalitat d\u2019administrar correctament la seva consulta, aix\u00ed com qualsevol altra finalitat de la gesti\u00f3 administrativa del servei. Queda prohibit l\u2019\u00fas del WhatsApp d\u2019Ibersystems Solutions SL per a l\u2019enviament de continguts que no siguin els necessaris per a la resposta a la consulta i que siguin il\u00b7l\u00edcits per la normativa nacional o internacional que atempti contra els drets fonamentals de les persones, i en general, que contravinguin els principis de legalitat, honradesa, responsabilitat, protecci\u00f3 de la vida privada, protecci\u00f3 del consumidor i els drets de propietat intel\u00b7lectual i industrial.<\/span><\/p>\r\n<p><b>CANVIS A LA PRESENT POL\u00cdTICA DE PRIVACITAT<\/b><\/p>\r\n<p><b>ca2L<\/b><span style=\"font-weight: 400;\">\u00a0<\/span><span style=\"font-weight: 400;\">es reserva el dret a modificar aquesta pol\u00edtica per adaptar-la a les novetats legislatives o jurisprudencials.<\/span><\/p>\r\n<p><b>REVOCABILITAT<\/b><\/p>\r\n<p><span style=\"font-weight: 400;\">El consentiment prestat, tant pel tractament com per a la cessi\u00f3 de les dades dels interessats, \u00e9s revocable en qualsevol moment comunicant-ho a <\/span><b>ca2L<\/b><span style=\"font-weight: 400;\"> en els termes establerts en aquesta Pol\u00edtica per a l\u2019exercici dels drets. Aquesta revocaci\u00f3 en cap cas no t\u00e9 car\u00e0cter retroactiu.<\/span><\/p>\r\n<p><span style=\"font-weight: 400;\">Amb car\u00e0cter general, les relacions entre\u00a0<\/span><b>ca2L<\/b><span style=\"font-weight: 400;\">\u00a0i els Usuaris dels seus serveis telem\u00e0tics presents en aquesta web, estan sotmesos a la legislaci\u00f3 i jurisdicci\u00f3 espanyola a qu\u00e8 se sotmeten expressament les parts, sent competents per a la resoluci\u00f3 de tots els conflictes derivats o relacionats amb \u00fas, els Jutjats i Tribunals de Barcelona<\/span><\/p>\r\n","protected":false},"excerpt":{"rendered":"<p>Pol\u00edtica de Privadesa INTRODUCCI\u00d3 La seva privacitat \u00e9s important per a nosaltres, aix\u00ed que, mitjan\u00e7ant aquest document, expliquem quines dades recollim dels usuaris, com les utilitzem i per a qu\u00e8, entre altres indicacions. Mai demanarem m\u00e9s informaci\u00f3 de la que realment necessitarem per als serveis requerits; mai no la compartirem amb tercers, excepte per obligaci\u00f3 [&hellip;]<\/p>\n","protected":false},"author":1,"featured_media":0,"parent":0,"menu_order":0,"comment_status":"closed","ping_status":"closed","template":"","meta":{"footnotes":""},"class_list":["post-1075","page","type-page","status-publish","hentry"],"yoast_head":"<!-- This site is optimized with the Yoast SEO plugin v27.2 - https:\/\/yoast.com\/product\/yoast-seo-wordpress\/ -->\n<title>Pol\u00edtica de Privadesa - Lighting Projects - ca2l<\/title>\n<meta name=\"robots\" content=\"index, follow, max-snippet:-1, max-image-preview:large, max-video-preview:-1\" \/>\n<link rel=\"canonical\" href=\"https:\/\/ca2l.com\/ca\/politica-de-privadesa\/\" \/>\n<meta property=\"og:locale\" content=\"ca_ES\" \/>\n<meta property=\"og:type\" content=\"article\" \/>\n<meta property=\"og:title\" content=\"Pol\u00edtica de Privadesa - Lighting Projects - ca2l\" \/>\n<meta property=\"og:description\" content=\"Pol\u00edtica de Privadesa INTRODUCCI\u00d3 La seva privacitat \u00e9s important per a nosaltres, aix\u00ed que, mitjan\u00e7ant aquest document, expliquem quines dades recollim dels usuaris, com les utilitzem i per a qu\u00e8, entre altres indicacions. Mai demanarem m\u00e9s informaci\u00f3 de la que realment necessitarem per als serveis requerits; mai no la compartirem amb tercers, excepte per obligaci\u00f3 [&hellip;]\" \/>\n<meta property=\"og:url\" content=\"https:\/\/ca2l.com\/ca\/politica-de-privadesa\/\" \/>\n<meta property=\"og:site_name\" content=\"Lighting Projects - ca2l\" \/>\n<meta property=\"article:publisher\" content=\"https:\/\/www.facebook.com\/ca2L.lighting\/\" \/>\n<meta property=\"article:modified_time\" content=\"2024-12-19T11:34:42+00:00\" \/>\n<meta name=\"twitter:card\" content=\"summary_large_image\" \/>\n<meta name=\"twitter:label1\" content=\"Temps estimat de lectura\" \/>\n\t<meta name=\"twitter:data1\" content=\"4 minuts\" \/>\n<script type=\"application\/ld+json\" class=\"yoast-schema-graph\">{\"@context\":\"https:\/\/schema.org\",\"@graph\":[{\"@type\":\"WebPage\",\"@id\":\"https:\/\/ca2l.com\/ca\/politica-de-privadesa\/\",\"url\":\"https:\/\/ca2l.com\/ca\/politica-de-privadesa\/\",\"name\":\"Pol\u00edtica de Privadesa - Lighting Projects - ca2l\",\"isPartOf\":{\"@id\":\"https:\/\/ca2l.com\/ca\/#website\"},\"datePublished\":\"2023-10-30T09:34:10+00:00\",\"dateModified\":\"2024-12-19T11:34:42+00:00\",\"breadcrumb\":{\"@id\":\"https:\/\/ca2l.com\/ca\/politica-de-privadesa\/#breadcrumb\"},\"inLanguage\":\"ca\",\"potentialAction\":[{\"@type\":\"ReadAction\",\"target\":[\"https:\/\/ca2l.com\/ca\/politica-de-privadesa\/\"]}]},{\"@type\":\"BreadcrumbList\",\"@id\":\"https:\/\/ca2l.com\/ca\/politica-de-privadesa\/#breadcrumb\",\"itemListElement\":[{\"@type\":\"ListItem\",\"position\":1,\"name\":\"Portada\",\"item\":\"https:\/\/ca2l.com\/ca\/\"},{\"@type\":\"ListItem\",\"position\":2,\"name\":\"Pol\u00edtica de Privadesa\"}]},{\"@type\":\"WebSite\",\"@id\":\"https:\/\/ca2l.com\/ca\/#website\",\"url\":\"https:\/\/ca2l.com\/ca\/\",\"name\":\"Lighting Projects - ca2l\",\"description\":\"\",\"publisher\":{\"@id\":\"https:\/\/ca2l.com\/ca\/#organization\"},\"potentialAction\":[{\"@type\":\"SearchAction\",\"target\":{\"@type\":\"EntryPoint\",\"urlTemplate\":\"https:\/\/ca2l.com\/ca\/?s={search_term_string}\"},\"query-input\":{\"@type\":\"PropertyValueSpecification\",\"valueRequired\":true,\"valueName\":\"search_term_string\"}}],\"inLanguage\":\"ca\"},{\"@type\":\"Organization\",\"@id\":\"https:\/\/ca2l.com\/ca\/#organization\",\"name\":\"Lighting Projects - ca2l\",\"url\":\"https:\/\/ca2l.com\/ca\/\",\"logo\":{\"@type\":\"ImageObject\",\"inLanguage\":\"ca\",\"@id\":\"https:\/\/ca2l.com\/ca\/#\/schema\/logo\/image\/\",\"url\":\"https:\/\/ca2l.com\/wp-content\/uploads\/2023\/10\/ca2l-logohome4.png\",\"contentUrl\":\"https:\/\/ca2l.com\/wp-content\/uploads\/2023\/10\/ca2l-logohome4.png\",\"width\":340,\"height\":120,\"caption\":\"Lighting Projects - ca2l\"},\"image\":{\"@id\":\"https:\/\/ca2l.com\/ca\/#\/schema\/logo\/image\/\"},\"sameAs\":[\"https:\/\/www.facebook.com\/ca2L.lighting\/\",\"https:\/\/www.instagram.com\/ca2l_lighting_projects\/\",\"https:\/\/www.pinterest.com\/ca2l\/\"]}]}<\/script>\n<!-- \/ Yoast SEO plugin. -->","yoast_head_json":{"title":"Pol\u00edtica de Privadesa - Lighting Projects - ca2l","robots":{"index":"index","follow":"follow","max-snippet":"max-snippet:-1","max-image-preview":"max-image-preview:large","max-video-preview":"max-video-preview:-1"},"canonical":"https:\/\/ca2l.com\/ca\/politica-de-privadesa\/","og_locale":"ca_ES","og_type":"article","og_title":"Pol\u00edtica de Privadesa - Lighting Projects - ca2l","og_description":"Pol\u00edtica de Privadesa INTRODUCCI\u00d3 La seva privacitat \u00e9s important per a nosaltres, aix\u00ed que, mitjan\u00e7ant aquest document, expliquem quines dades recollim dels usuaris, com les utilitzem i per a qu\u00e8, entre altres indicacions. Mai demanarem m\u00e9s informaci\u00f3 de la que realment necessitarem per als serveis requerits; mai no la compartirem amb tercers, excepte per obligaci\u00f3 [&hellip;]","og_url":"https:\/\/ca2l.com\/ca\/politica-de-privadesa\/","og_site_name":"Lighting Projects - ca2l","article_publisher":"https:\/\/www.facebook.com\/ca2L.lighting\/","article_modified_time":"2024-12-19T11:34:42+00:00","twitter_card":"summary_large_image","twitter_misc":{"Temps estimat de lectura":"4 minuts"},"schema":{"@context":"https:\/\/schema.org","@graph":[{"@type":"WebPage","@id":"https:\/\/ca2l.com\/ca\/politica-de-privadesa\/","url":"https:\/\/ca2l.com\/ca\/politica-de-privadesa\/","name":"Pol\u00edtica de Privadesa - Lighting Projects - ca2l","isPartOf":{"@id":"https:\/\/ca2l.com\/ca\/#website"},"datePublished":"2023-10-30T09:34:10+00:00","dateModified":"2024-12-19T11:34:42+00:00","breadcrumb":{"@id":"https:\/\/ca2l.com\/ca\/politica-de-privadesa\/#breadcrumb"},"inLanguage":"ca","potentialAction":[{"@type":"ReadAction","target":["https:\/\/ca2l.com\/ca\/politica-de-privadesa\/"]}]},{"@type":"BreadcrumbList","@id":"https:\/\/ca2l.com\/ca\/politica-de-privadesa\/#breadcrumb","itemListElement":[{"@type":"ListItem","position":1,"name":"Portada","item":"https:\/\/ca2l.com\/ca\/"},{"@type":"ListItem","position":2,"name":"Pol\u00edtica de Privadesa"}]},{"@type":"WebSite","@id":"https:\/\/ca2l.com\/ca\/#website","url":"https:\/\/ca2l.com\/ca\/","name":"Lighting Projects - ca2l","description":"","publisher":{"@id":"https:\/\/ca2l.com\/ca\/#organization"},"potentialAction":[{"@type":"SearchAction","target":{"@type":"EntryPoint","urlTemplate":"https:\/\/ca2l.com\/ca\/?s={search_term_string}"},"query-input":{"@type":"PropertyValueSpecification","valueRequired":true,"valueName":"search_term_string"}}],"inLanguage":"ca"},{"@type":"Organization","@id":"https:\/\/ca2l.com\/ca\/#organization","name":"Lighting Projects - ca2l","url":"https:\/\/ca2l.com\/ca\/","logo":{"@type":"ImageObject","inLanguage":"ca","@id":"https:\/\/ca2l.com\/ca\/#\/schema\/logo\/image\/","url":"https:\/\/ca2l.com\/wp-content\/uploads\/2023\/10\/ca2l-logohome4.png","contentUrl":"https:\/\/ca2l.com\/wp-content\/uploads\/2023\/10\/ca2l-logohome4.png","width":340,"height":120,"caption":"Lighting Projects - ca2l"},"image":{"@id":"https:\/\/ca2l.com\/ca\/#\/schema\/logo\/image\/"},"sameAs":["https:\/\/www.facebook.com\/ca2L.lighting\/","https:\/\/www.instagram.com\/ca2l_lighting_projects\/","https:\/\/www.pinterest.com\/ca2l\/"]}]}},"_links":{"self":[{"href":"https:\/\/ca2l.com\/ca\/wp-json\/wp\/v2\/pages\/1075","targetHints":{"allow":["GET"]}}],"collection":[{"href":"https:\/\/ca2l.com\/ca\/wp-json\/wp\/v2\/pages"}],"about":[{"href":"https:\/\/ca2l.com\/ca\/wp-json\/wp\/v2\/types\/page"}],"author":[{"embeddable":true,"href":"https:\/\/ca2l.com\/ca\/wp-json\/wp\/v2\/users\/1"}],"replies":[{"embeddable":true,"href":"https:\/\/ca2l.com\/ca\/wp-json\/wp\/v2\/comments?post=1075"}],"version-history":[{"count":0,"href":"https:\/\/ca2l.com\/ca\/wp-json\/wp\/v2\/pages\/1075\/revisions"}],"wp:attachment":[{"href":"https:\/\/ca2l.com\/ca\/wp-json\/wp\/v2\/media?parent=1075"}],"curies":[{"name":"wp","href":"https:\/\/api.w.org\/{rel}","templated":true}]}}