{"id":1044,"date":"2023-10-30T10:11:56","date_gmt":"2023-10-30T10:11:56","guid":{"rendered":"https:\/\/ca2l.com\/nosotros\/"},"modified":"2024-12-10T16:43:39","modified_gmt":"2024-12-10T16:43:39","slug":"nosaltres","status":"publish","type":"page","link":"https:\/\/ca2l.com\/ca\/nosaltres\/","title":{"rendered":"Nosaltres"},"content":{"rendered":"\n<style type=\"text\/css\" data-created_by=\"avia_inline_auto\" id=\"style-css-av-2ymoa-05179269b4310287b3e58a15166d4d5c\">\n.avia-section.av-2ymoa-05179269b4310287b3e58a15166d4d5c{\nbackground-repeat:no-repeat;\nbackground-image:url(https:\/\/ca2l.com\/wp-content\/uploads\/2023\/11\/pexels-mikhail-nilov-6592692-scaled.jpg);\nbackground-position:50% 50%;\nbackground-attachment:scroll;\n}\n.avia-section.av-2ymoa-05179269b4310287b3e58a15166d4d5c .av-section-color-overlay{\nopacity:0.5;\nbackground-color:#000000;\n}\n<\/style>\n<div id='av_section_1'  class='avia-section av-2ymoa-05179269b4310287b3e58a15166d4d5c main_color avia-section-default avia-no-border-styling  avia-builder-el-0  el_before_av_section  avia-builder-el-first  avia-full-stretch avia-bg-style-scroll av-section-color-overlay-active av-minimum-height av-minimum-height-50 av-height-50  container_wrap fullsize'  data-section-bg-repeat='stretch' data-av_minimum_height_pc='50' data-av_min_height_opt='50'><div class=\"av-section-color-overlay-wrap\"><div class=\"av-section-color-overlay\"><\/div><div class='container av-section-cont-open' ><main  role=\"main\" itemprop=\"mainContentOfPage\"  class='template-page content  av-content-full alpha units'><div class='post-entry post-entry-type-page post-entry-1044'><div class='entry-content-wrapper clearfix'>\n<div  class='flex_column av-2bypa-95edcbc32290381111fe4a8a01118657 av_one_fourth  avia-builder-el-1  el_before_av_one_half  avia-builder-el-first  first flex_column_div av-hide-on-mobile  '     ><\/div><div  class='flex_column av-1ejoy-4867b599154cb034443c09be82cc3219 av_one_half  avia-builder-el-2  el_after_av_one_fourth  el_before_av_one_fourth  flex_column_div  '     ><style type=\"text\/css\" data-created_by=\"avia_inline_auto\" id=\"style-css-av-loyh33y8-dc18c4813ea9a1dd928c69e765010b9d\">\n#top .av-special-heading.av-loyh33y8-dc18c4813ea9a1dd928c69e765010b9d{\npadding-bottom:10px;\ncolor:#ffffff;\n}\nbody .av-special-heading.av-loyh33y8-dc18c4813ea9a1dd928c69e765010b9d .av-special-heading-tag .heading-char{\nfont-size:25px;\n}\n.av-special-heading.av-loyh33y8-dc18c4813ea9a1dd928c69e765010b9d .special-heading-inner-border{\nborder-color:#ffffff;\n}\n.av-special-heading.av-loyh33y8-dc18c4813ea9a1dd928c69e765010b9d .av-subheading{\nfont-size:15px;\n}\n<\/style>\n<div  class='av-special-heading av-loyh33y8-dc18c4813ea9a1dd928c69e765010b9d av-special-heading-h1 custom-color-heading blockquote modern-quote modern-centered  avia-builder-el-3  avia-builder-el-no-sibling '><h1 class='av-special-heading-tag '  itemprop=\"headline\"  >Nosaltres<\/h1><div class=\"special-heading-border\"><div class=\"special-heading-inner-border\"><\/div><\/div><\/div><\/div><div  class='flex_column av-11qw2-f91f768f2b8b6b7b77c5557123859823 av_one_fourth  avia-builder-el-4  el_after_av_one_half  avia-builder-el-last  flex_column_div av-hide-on-mobile  '     ><\/div>\n\n<\/div><\/div><\/main><!-- close content main element --><\/div><\/div><\/div>\n<style type=\"text\/css\" data-created_by=\"avia_inline_auto\" id=\"style-css-av-1x04e-98d54ffdcb65e026ac2f8bccfca36b9d\">\n.avia-section.av-1x04e-98d54ffdcb65e026ac2f8bccfca36b9d{\nbackground-color:#dfdfdf;\nbackground-image:unset;\n}\n<\/style>\n<div id='av_section_2'  class='avia-section av-1x04e-98d54ffdcb65e026ac2f8bccfca36b9d main_color avia-section-default avia-no-border-styling  avia-builder-el-5  el_after_av_section  el_before_av_section  avia-bg-style-scroll container_wrap fullsize'  ><div class='container av-section-cont-open' ><div class='template-page content  av-content-full alpha units'><div class='post-entry post-entry-type-page post-entry-1044'><div class='entry-content-wrapper clearfix'>\n<div class='flex_column_table av-1nxnm-9832812d27e69e6780fc8a2a7eb3b461 sc-av_one_half av-equal-height-column-flextable'><div  class='flex_column av-1nxnm-9832812d27e69e6780fc8a2a7eb3b461 av_one_half  avia-builder-el-6  el_before_av_one_half  avia-builder-el-first  first flex_column_table_cell av-equal-height-column av-align-middle  '     ><style type=\"text\/css\" data-created_by=\"avia_inline_auto\" id=\"style-css-av-loyhiif0-fb0343ef99c0fec537b14afea9e464dc\">\n#top .av-special-heading.av-loyhiif0-fb0343ef99c0fec537b14afea9e464dc{\npadding-bottom:10px;\n}\nbody .av-special-heading.av-loyhiif0-fb0343ef99c0fec537b14afea9e464dc .av-special-heading-tag .heading-char{\nfont-size:25px;\n}\n.av-special-heading.av-loyhiif0-fb0343ef99c0fec537b14afea9e464dc .av-subheading{\nfont-size:15px;\n}\n<\/style>\n<div  class='av-special-heading av-loyhiif0-fb0343ef99c0fec537b14afea9e464dc av-special-heading-h2 blockquote modern-quote  avia-builder-el-7  avia-builder-el-no-sibling  av-thin-font'><h2 class='av-special-heading-tag '  itemprop=\"headline\"  >Tota la vida dedicada a all\u00f2 que m\u00e9s ens agrada: <strong>la llum<\/strong><\/h2><div class='av-subheading av-subheading_below'><p>_________________<\/p>\n<\/div><div class=\"special-heading-border\"><div class=\"special-heading-inner-border\"><\/div><\/div><\/div><\/div><div class='av-flex-placeholder'><\/div><div  class='flex_column av-132f6-b56b875cb902238b6658033b80cfb710 av_one_half  avia-builder-el-8  el_after_av_one_half  avia-builder-el-last  flex_column_table_cell av-equal-height-column av-align-middle  '     ><section  class='av_textblock_section av-loyhirln-e8a998c14b24ce3db3c6aa8b944d123f '   itemscope=\"itemscope\" itemtype=\"https:\/\/schema.org\/CreativeWork\" ><div class='avia_textblock'  itemprop=\"text\" ><p>Amb m\u00e9s de 35 anys d&#8217;experi\u00e8ncia en el sector de la il\u00b7luminaci\u00f3, la nostra empresa est\u00e0 formada per professionals especialitzats en diferents \u00e0mbits, cosa que ens permet tenir una visi\u00f3 molt \u00e0mplia sobre com il\u00b7luminar qualsevol tipus d&#8217;espai, sigui quina sigui la seva mida o \u201cimport\u00e0ncia\u201d.<\/p>\n<p>Som coneixedors del mercat, de les t\u00e8cniques i les tend\u00e8ncies en il\u00b7luminaci\u00f3, de l&#8217;arquitectura i el disseny. Adaptem els nostres projectes a les necessitats reals dels nostres clients, tant lum\u00edniques com econ\u00f2miques.<\/p>\n<\/div><\/section><\/div><\/div><!--close column table wrapper. Autoclose: 1 -->\n\n<\/div><\/div><\/div><!-- close content main div --><\/div><\/div><div id='av_section_3'  class='avia-section av-8owty-519172da9da8e1229f9fbd8e654e2269 main_color avia-section-large avia-no-border-styling  avia-builder-el-10  el_after_av_section  avia-builder-el-last  avia-bg-style-scroll container_wrap fullsize'  ><div class='container av-section-cont-open' ><div class='template-page content  av-content-full alpha units'><div class='post-entry post-entry-type-page post-entry-1044'><div class='entry-content-wrapper clearfix'>\n<div  class='flex_column av-5kctq-726b56c62f92a95920a2153012706f1f av_one_fourth  avia-builder-el-11  el_before_av_one_fourth  avia-builder-el-first  first flex_column_div  '     ><p>\n<style type=\"text\/css\" data-created_by=\"avia_inline_auto\" id=\"style-css-av-5bw1i-f890e87d84e55d86a9e955250ba92ef8\">\n.avia-image-container.av-5bw1i-f890e87d84e55d86a9e955250ba92ef8 img.avia_image{\nbox-shadow:none;\n}\n.avia-image-container.av-5bw1i-f890e87d84e55d86a9e955250ba92ef8 .av-image-caption-overlay-center{\ncolor:#ffffff;\n}\n<\/style>\n<div  class='avia-image-container av-5bw1i-f890e87d84e55d86a9e955250ba92ef8 av-styling- avia-align-center  avia-builder-el-12  el_before_av_button_big  avia-builder-el-no-sibling '   itemprop=\"image\" itemscope=\"itemscope\" itemtype=\"https:\/\/schema.org\/ImageObject\" ><div class=\"avia-image-container-inner\"><div class=\"avia-image-overlay-wrap\"><img decoding=\"async\" fetchpriority=\"high\" class='wp-image-6081 avia-img-lazy-loading-not-6081 avia_image ' src=\"https:\/\/ca2l.com\/wp-content\/uploads\/2024\/11\/PRODUCTES.png\" alt='' title='PRODUCTES'  height=\"675\" width=\"506\"  itemprop=\"thumbnailUrl\" srcset=\"https:\/\/ca2l.com\/wp-content\/uploads\/2024\/11\/PRODUCTES.png 506w, https:\/\/ca2l.com\/wp-content\/uploads\/2024\/11\/PRODUCTES-225x300.png 225w, https:\/\/ca2l.com\/wp-content\/uploads\/2024\/11\/PRODUCTES-450x600.png 450w\" sizes=\"(max-width: 506px) 100vw, 506px\" \/><\/div><\/div><\/div><br \/>\n<div  class='avia-button-wrap avia-button-center  avia-builder-el-13  el_after_av_image  avia-builder-el-last '>\n<style type=\"text\/css\" data-created_by=\"avia_inline_auto\" id=\"style-css-av-4ckla-d838b18d262fd43bf3323a82bdfed0d3\">\n#top #wrap_all .avia-button.av-4ckla-d838b18d262fd43bf3323a82bdfed0d3{\npadding:16px 16px 16px 16px;\n}\n#top #wrap_all .avia-button.av-4ckla-d838b18d262fd43bf3323a82bdfed0d3:hover{\ncolor:white;\ntransition:all 0.4s ease-in-out;\n}\n#top #wrap_all .avia-button.av-4ckla-d838b18d262fd43bf3323a82bdfed0d3:hover .avia-svg-icon svg:first-child{\nfill:white;\nstroke:white;\n}\n<\/style>\n<a href='https:\/\/ca2l.com\/ca\/serveis-i-productes\/#productes' class='avia-color-black avia-font-color-theme-color avia-button avia-button-fullwidth av-4ckla-d838b18d262fd43bf3323a82bdfed0d3 avia-icon_select-no avia-color-black'   aria-label=\"Productes\"><span class='avia_iconbox_title' >Productes<\/span><span class='avia_button_background avia-button avia-button-fullwidth avia-color-theme-color'><\/span><\/a><\/div><\/p><\/div><div  class='flex_column av-3tjk6-bba42494db7cca50d7b83e6ea051217a av_one_fourth  avia-builder-el-14  el_after_av_one_fourth  el_before_av_one_fourth  flex_column_div  '     ><p>\n<style type=\"text\/css\" data-created_by=\"avia_inline_auto\" id=\"style-css-av-3fa22-71eaba234616a5895a5de2f4f12e0ce7\">\n.avia-image-container.av-3fa22-71eaba234616a5895a5de2f4f12e0ce7 img.avia_image{\nbox-shadow:none;\n}\n.avia-image-container.av-3fa22-71eaba234616a5895a5de2f4f12e0ce7 .av-image-caption-overlay-center{\ncolor:#ffffff;\n}\n<\/style>\n<div  class='avia-image-container av-3fa22-71eaba234616a5895a5de2f4f12e0ce7 av-styling- avia-align-center  avia-builder-el-15  el_before_av_button_big  avia-builder-el-no-sibling '   itemprop=\"image\" itemscope=\"itemscope\" itemtype=\"https:\/\/schema.org\/ImageObject\" ><div class=\"avia-image-container-inner\"><div class=\"avia-image-overlay-wrap\"><img decoding=\"async\" fetchpriority=\"high\" class='wp-image-6078 avia-img-lazy-loading-not-6078 avia_image ' src=\"https:\/\/ca2l.com\/wp-content\/uploads\/2024\/11\/PROJECTES.png\" alt='' title='PROJECTES'  height=\"675\" width=\"506\"  itemprop=\"thumbnailUrl\" srcset=\"https:\/\/ca2l.com\/wp-content\/uploads\/2024\/11\/PROJECTES.png 506w, https:\/\/ca2l.com\/wp-content\/uploads\/2024\/11\/PROJECTES-225x300.png 225w, https:\/\/ca2l.com\/wp-content\/uploads\/2024\/11\/PROJECTES-450x600.png 450w\" sizes=\"(max-width: 506px) 100vw, 506px\" \/><\/div><\/div><\/div><br \/>\n<div  class='avia-button-wrap avia-button-center  avia-builder-el-16  el_after_av_image  avia-builder-el-last '>\n<style type=\"text\/css\" data-created_by=\"avia_inline_auto\" id=\"style-css-av-2oula-0cb5c127da913761d664c4f7201595dd\">\n#top #wrap_all .avia-button.av-2oula-0cb5c127da913761d664c4f7201595dd{\npadding:16px 16px 16px 16px;\n}\n#top #wrap_all .avia-button.av-2oula-0cb5c127da913761d664c4f7201595dd:hover{\ncolor:white;\ntransition:all 0.4s ease-in-out;\n}\n#top #wrap_all .avia-button.av-2oula-0cb5c127da913761d664c4f7201595dd:hover .avia-svg-icon svg:first-child{\nfill:white;\nstroke:white;\n}\n<\/style>\n<a href='https:\/\/ca2l.com\/ca\/projectes\/' class='avia-color-black avia-font-color-theme-color avia-button avia-button-fullwidth av-2oula-0cb5c127da913761d664c4f7201595dd avia-icon_select-no avia-color-black'   aria-label=\"Projectes\"><span class='avia_iconbox_title' >Projectes<\/span><span class='avia_button_background avia-button avia-button-fullwidth avia-color-theme-color'><\/span><\/a><\/div><\/p><\/div><div  class='flex_column av-21l0i-999a528ba21803f85d5f4fbcc56e355c av_one_fourth  avia-builder-el-17  el_after_av_one_fourth  el_before_av_one_fourth  flex_column_div  '     ><p>\n<style type=\"text\/css\" data-created_by=\"avia_inline_auto\" id=\"style-css-av-1nmry-18cab8517c17b0130aa8b325c14d6e57\">\n.avia-image-container.av-1nmry-18cab8517c17b0130aa8b325c14d6e57 img.avia_image{\nbox-shadow:none;\n}\n.avia-image-container.av-1nmry-18cab8517c17b0130aa8b325c14d6e57 .av-image-caption-overlay-center{\ncolor:#ffffff;\n}\n<\/style>\n<div  class='avia-image-container av-1nmry-18cab8517c17b0130aa8b325c14d6e57 av-styling- avia-align-center  avia-builder-el-18  el_before_av_button_big  avia-builder-el-no-sibling '   itemprop=\"image\" itemscope=\"itemscope\" itemtype=\"https:\/\/schema.org\/ImageObject\" ><div class=\"avia-image-container-inner\"><div class=\"avia-image-overlay-wrap\"><img decoding=\"async\" fetchpriority=\"high\" class='wp-image-6075 avia-img-lazy-loading-not-6075 avia_image ' src=\"https:\/\/ca2l.com\/wp-content\/uploads\/2024\/11\/CONTACTANS.png\" alt='' title='CONTACTA&#039;NS'  height=\"675\" width=\"506\"  itemprop=\"thumbnailUrl\" srcset=\"https:\/\/ca2l.com\/wp-content\/uploads\/2024\/11\/CONTACTANS.png 506w, https:\/\/ca2l.com\/wp-content\/uploads\/2024\/11\/CONTACTANS-225x300.png 225w, https:\/\/ca2l.com\/wp-content\/uploads\/2024\/11\/CONTACTANS-450x600.png 450w\" sizes=\"(max-width: 506px) 100vw, 506px\" \/><\/div><\/div><\/div><br \/>\n<div  class='avia-button-wrap avia-button-center  avia-builder-el-19  el_after_av_image  avia-builder-el-last '>\n<style type=\"text\/css\" data-created_by=\"avia_inline_auto\" id=\"style-css-av-vdki-efdff9b91276fedd94ce61acd25a626f\">\n#top #wrap_all .avia-button.av-vdki-efdff9b91276fedd94ce61acd25a626f{\npadding:16px 16px 16px 16px;\n}\n#top #wrap_all .avia-button.av-vdki-efdff9b91276fedd94ce61acd25a626f:hover{\ncolor:white;\ntransition:all 0.4s ease-in-out;\n}\n#top #wrap_all .avia-button.av-vdki-efdff9b91276fedd94ce61acd25a626f:hover .avia-svg-icon svg:first-child{\nfill:white;\nstroke:white;\n}\n<\/style>\n<a href='https:\/\/ca2l.com\/ca\/contacte\/' class='avia-color-black avia-font-color-theme-color avia-button avia-button-fullwidth av-vdki-efdff9b91276fedd94ce61acd25a626f avia-icon_select-no avia-color-black'   aria-label=\"Contacta\u2019ns\"><span class='avia_iconbox_title' >Contacta\u2019ns<\/span><span class='avia_button_background avia-button avia-button-fullwidth avia-color-theme-color'><\/span><\/a><\/div><\/p><\/div><div  class='flex_column av-1hcdy-4059a4c1b14e8433daee67008251d097 av_one_fourth  avia-builder-el-20  el_after_av_one_fourth  avia-builder-el-last  flex_column_div  '     ><p>\n<style type=\"text\/css\" data-created_by=\"avia_inline_auto\" id=\"style-css-av-10cw2-4b5910bde8c1b4926dfa273e81f001f4\">\n.avia-image-container.av-10cw2-4b5910bde8c1b4926dfa273e81f001f4 img.avia_image{\nbox-shadow:none;\n}\n.avia-image-container.av-10cw2-4b5910bde8c1b4926dfa273e81f001f4 .av-image-caption-overlay-center{\ncolor:#ffffff;\n}\n<\/style>\n<div  class='avia-image-container av-10cw2-4b5910bde8c1b4926dfa273e81f001f4 av-styling- avia-align-center  avia-builder-el-21  el_before_av_button_big  avia-builder-el-no-sibling '   itemprop=\"image\" itemscope=\"itemscope\" itemtype=\"https:\/\/schema.org\/ImageObject\" ><div class=\"avia-image-container-inner\"><div class=\"avia-image-overlay-wrap\"><img decoding=\"async\" fetchpriority=\"high\" class='wp-image-6072 avia-img-lazy-loading-not-6072 avia_image ' src=\"https:\/\/ca2l.com\/wp-content\/uploads\/2024\/11\/OUTLET.png\" alt='' title='OUTLET'  height=\"675\" width=\"506\"  itemprop=\"thumbnailUrl\" srcset=\"https:\/\/ca2l.com\/wp-content\/uploads\/2024\/11\/OUTLET.png 506w, https:\/\/ca2l.com\/wp-content\/uploads\/2024\/11\/OUTLET-225x300.png 225w, https:\/\/ca2l.com\/wp-content\/uploads\/2024\/11\/OUTLET-450x600.png 450w\" sizes=\"(max-width: 506px) 100vw, 506px\" \/><\/div><\/div><\/div><br \/>\n<div  class='avia-button-wrap avia-button-center  avia-builder-el-22  el_after_av_image  avia-builder-el-last '>\n<style type=\"text\/css\" data-created_by=\"avia_inline_auto\" id=\"style-css-av-loyhl06m-c4e088e4f0e25271179b4fba1b94ea34\">\n#top #wrap_all .avia-button.av-loyhl06m-c4e088e4f0e25271179b4fba1b94ea34{\npadding:16px 16px 16px 16px;\n}\n#top #wrap_all .avia-button.av-loyhl06m-c4e088e4f0e25271179b4fba1b94ea34:hover{\ncolor:white;\ntransition:all 0.4s ease-in-out;\n}\n#top #wrap_all .avia-button.av-loyhl06m-c4e088e4f0e25271179b4fba1b94ea34:hover .avia-svg-icon svg:first-child{\nfill:white;\nstroke:white;\n}\n<\/style>\n<a href='https:\/\/ca2l.com\/ca\/outlet\/' class='avia-color-black avia-font-color-theme-color avia-button avia-button-fullwidth av-loyhl06m-c4e088e4f0e25271179b4fba1b94ea34 avia-icon_select-no avia-color-black'   aria-label=\"Outlet\"><span class='avia_iconbox_title' >Outlet<\/span><span class='avia_button_background avia-button avia-button-fullwidth avia-color-theme-color'><\/span><\/a><\/div><\/p><\/div>\n","protected":false},"excerpt":{"rendered":"","protected":false},"author":1,"featured_media":0,"parent":0,"menu_order":0,"comment_status":"closed","ping_status":"closed","template":"","meta":{"footnotes":""},"class_list":["post-1044","page","type-page","status-publish","hentry"],"yoast_head":"<!-- This site is optimized with the Yoast SEO plugin v27.4 - https:\/\/yoast.com\/product\/yoast-seo-wordpress\/ -->\n<title>Nosaltres - Lighting Projects - ca2l<\/title>\n<meta name=\"description\" content=\"Descobreix la nostra passi\u00f3 per la il\u00b7luminaci\u00f3. Estem compromesos a transformar els teus espais amb innovaci\u00f3 i excel\u00b7l\u00e8ncia lum\u00ednica.\" \/>\n<meta name=\"robots\" content=\"index, follow, max-snippet:-1, max-image-preview:large, max-video-preview:-1\" \/>\n<link rel=\"canonical\" href=\"https:\/\/ca2l.com\/ca\/nosaltres\/\" \/>\n<meta property=\"og:locale\" content=\"ca_ES\" \/>\n<meta property=\"og:type\" content=\"article\" \/>\n<meta property=\"og:title\" content=\"Nosaltres - Lighting Projects - ca2l\" \/>\n<meta property=\"og:description\" content=\"Descobreix la nostra passi\u00f3 per la il\u00b7luminaci\u00f3. Estem compromesos a transformar els teus espais amb innovaci\u00f3 i excel\u00b7l\u00e8ncia lum\u00ednica.\" \/>\n<meta property=\"og:url\" content=\"https:\/\/ca2l.com\/ca\/nosaltres\/\" \/>\n<meta property=\"og:site_name\" content=\"Lighting Projects - ca2l\" \/>\n<meta property=\"article:publisher\" content=\"https:\/\/www.facebook.com\/ca2L.lighting\/\" \/>\n<meta property=\"article:modified_time\" content=\"2024-12-10T16:43:39+00:00\" \/>\n<meta name=\"twitter:card\" content=\"summary_large_image\" \/>\n<meta name=\"twitter:label1\" content=\"Temps estimat de lectura\" \/>\n\t<meta name=\"twitter:data1\" content=\"2 minuts\" \/>\n<script type=\"application\/ld+json\" class=\"yoast-schema-graph\">{\"@context\":\"https:\\\/\\\/schema.org\",\"@graph\":[{\"@type\":\"WebPage\",\"@id\":\"https:\\\/\\\/ca2l.com\\\/ca\\\/nosaltres\\\/\",\"url\":\"https:\\\/\\\/ca2l.com\\\/ca\\\/nosaltres\\\/\",\"name\":\"Nosaltres - Lighting Projects - ca2l\",\"isPartOf\":{\"@id\":\"https:\\\/\\\/ca2l.com\\\/ca\\\/#website\"},\"datePublished\":\"2023-10-30T10:11:56+00:00\",\"dateModified\":\"2024-12-10T16:43:39+00:00\",\"description\":\"Descobreix la nostra passi\u00f3 per la il\u00b7luminaci\u00f3. Estem compromesos a transformar els teus espais amb innovaci\u00f3 i excel\u00b7l\u00e8ncia lum\u00ednica.\",\"breadcrumb\":{\"@id\":\"https:\\\/\\\/ca2l.com\\\/ca\\\/nosaltres\\\/#breadcrumb\"},\"inLanguage\":\"ca\",\"potentialAction\":[{\"@type\":\"ReadAction\",\"target\":[\"https:\\\/\\\/ca2l.com\\\/ca\\\/nosaltres\\\/\"]}]},{\"@type\":\"BreadcrumbList\",\"@id\":\"https:\\\/\\\/ca2l.com\\\/ca\\\/nosaltres\\\/#breadcrumb\",\"itemListElement\":[{\"@type\":\"ListItem\",\"position\":1,\"name\":\"Portada\",\"item\":\"https:\\\/\\\/ca2l.com\\\/ca\\\/\"},{\"@type\":\"ListItem\",\"position\":2,\"name\":\"Nosaltres\"}]},{\"@type\":\"WebSite\",\"@id\":\"https:\\\/\\\/ca2l.com\\\/ca\\\/#website\",\"url\":\"https:\\\/\\\/ca2l.com\\\/ca\\\/\",\"name\":\"Lighting Projects - ca2l\",\"description\":\"\",\"publisher\":{\"@id\":\"https:\\\/\\\/ca2l.com\\\/ca\\\/#organization\"},\"potentialAction\":[{\"@type\":\"SearchAction\",\"target\":{\"@type\":\"EntryPoint\",\"urlTemplate\":\"https:\\\/\\\/ca2l.com\\\/ca\\\/?s={search_term_string}\"},\"query-input\":{\"@type\":\"PropertyValueSpecification\",\"valueRequired\":true,\"valueName\":\"search_term_string\"}}],\"inLanguage\":\"ca\"},{\"@type\":\"Organization\",\"@id\":\"https:\\\/\\\/ca2l.com\\\/ca\\\/#organization\",\"name\":\"Lighting Projects - ca2l\",\"url\":\"https:\\\/\\\/ca2l.com\\\/ca\\\/\",\"logo\":{\"@type\":\"ImageObject\",\"inLanguage\":\"ca\",\"@id\":\"https:\\\/\\\/ca2l.com\\\/ca\\\/#\\\/schema\\\/logo\\\/image\\\/\",\"url\":\"https:\\\/\\\/ca2l.com\\\/wp-content\\\/uploads\\\/2023\\\/10\\\/ca2l-logohome4.png\",\"contentUrl\":\"https:\\\/\\\/ca2l.com\\\/wp-content\\\/uploads\\\/2023\\\/10\\\/ca2l-logohome4.png\",\"width\":340,\"height\":120,\"caption\":\"Lighting Projects - ca2l\"},\"image\":{\"@id\":\"https:\\\/\\\/ca2l.com\\\/ca\\\/#\\\/schema\\\/logo\\\/image\\\/\"},\"sameAs\":[\"https:\\\/\\\/www.facebook.com\\\/ca2L.lighting\\\/\",\"https:\\\/\\\/www.instagram.com\\\/ca2l_lighting_projects\\\/\",\"https:\\\/\\\/www.pinterest.com\\\/ca2l\\\/\"]}]}<\/script>\n<!-- \/ Yoast SEO plugin. -->","yoast_head_json":{"title":"Nosaltres - Lighting Projects - ca2l","description":"Descobreix la nostra passi\u00f3 per la il\u00b7luminaci\u00f3. Estem compromesos a transformar els teus espais amb innovaci\u00f3 i excel\u00b7l\u00e8ncia lum\u00ednica.","robots":{"index":"index","follow":"follow","max-snippet":"max-snippet:-1","max-image-preview":"max-image-preview:large","max-video-preview":"max-video-preview:-1"},"canonical":"https:\/\/ca2l.com\/ca\/nosaltres\/","og_locale":"ca_ES","og_type":"article","og_title":"Nosaltres - Lighting Projects - ca2l","og_description":"Descobreix la nostra passi\u00f3 per la il\u00b7luminaci\u00f3. Estem compromesos a transformar els teus espais amb innovaci\u00f3 i excel\u00b7l\u00e8ncia lum\u00ednica.","og_url":"https:\/\/ca2l.com\/ca\/nosaltres\/","og_site_name":"Lighting Projects - ca2l","article_publisher":"https:\/\/www.facebook.com\/ca2L.lighting\/","article_modified_time":"2024-12-10T16:43:39+00:00","twitter_card":"summary_large_image","twitter_misc":{"Temps estimat de lectura":"2 minuts"},"schema":{"@context":"https:\/\/schema.org","@graph":[{"@type":"WebPage","@id":"https:\/\/ca2l.com\/ca\/nosaltres\/","url":"https:\/\/ca2l.com\/ca\/nosaltres\/","name":"Nosaltres - Lighting Projects - ca2l","isPartOf":{"@id":"https:\/\/ca2l.com\/ca\/#website"},"datePublished":"2023-10-30T10:11:56+00:00","dateModified":"2024-12-10T16:43:39+00:00","description":"Descobreix la nostra passi\u00f3 per la il\u00b7luminaci\u00f3. Estem compromesos a transformar els teus espais amb innovaci\u00f3 i excel\u00b7l\u00e8ncia lum\u00ednica.","breadcrumb":{"@id":"https:\/\/ca2l.com\/ca\/nosaltres\/#breadcrumb"},"inLanguage":"ca","potentialAction":[{"@type":"ReadAction","target":["https:\/\/ca2l.com\/ca\/nosaltres\/"]}]},{"@type":"BreadcrumbList","@id":"https:\/\/ca2l.com\/ca\/nosaltres\/#breadcrumb","itemListElement":[{"@type":"ListItem","position":1,"name":"Portada","item":"https:\/\/ca2l.com\/ca\/"},{"@type":"ListItem","position":2,"name":"Nosaltres"}]},{"@type":"WebSite","@id":"https:\/\/ca2l.com\/ca\/#website","url":"https:\/\/ca2l.com\/ca\/","name":"Lighting Projects - ca2l","description":"","publisher":{"@id":"https:\/\/ca2l.com\/ca\/#organization"},"potentialAction":[{"@type":"SearchAction","target":{"@type":"EntryPoint","urlTemplate":"https:\/\/ca2l.com\/ca\/?s={search_term_string}"},"query-input":{"@type":"PropertyValueSpecification","valueRequired":true,"valueName":"search_term_string"}}],"inLanguage":"ca"},{"@type":"Organization","@id":"https:\/\/ca2l.com\/ca\/#organization","name":"Lighting Projects - ca2l","url":"https:\/\/ca2l.com\/ca\/","logo":{"@type":"ImageObject","inLanguage":"ca","@id":"https:\/\/ca2l.com\/ca\/#\/schema\/logo\/image\/","url":"https:\/\/ca2l.com\/wp-content\/uploads\/2023\/10\/ca2l-logohome4.png","contentUrl":"https:\/\/ca2l.com\/wp-content\/uploads\/2023\/10\/ca2l-logohome4.png","width":340,"height":120,"caption":"Lighting Projects - ca2l"},"image":{"@id":"https:\/\/ca2l.com\/ca\/#\/schema\/logo\/image\/"},"sameAs":["https:\/\/www.facebook.com\/ca2L.lighting\/","https:\/\/www.instagram.com\/ca2l_lighting_projects\/","https:\/\/www.pinterest.com\/ca2l\/"]}]}},"_links":{"self":[{"href":"https:\/\/ca2l.com\/ca\/wp-json\/wp\/v2\/pages\/1044","targetHints":{"allow":["GET"]}}],"collection":[{"href":"https:\/\/ca2l.com\/ca\/wp-json\/wp\/v2\/pages"}],"about":[{"href":"https:\/\/ca2l.com\/ca\/wp-json\/wp\/v2\/types\/page"}],"author":[{"embeddable":true,"href":"https:\/\/ca2l.com\/ca\/wp-json\/wp\/v2\/users\/1"}],"replies":[{"embeddable":true,"href":"https:\/\/ca2l.com\/ca\/wp-json\/wp\/v2\/comments?post=1044"}],"version-history":[{"count":0,"href":"https:\/\/ca2l.com\/ca\/wp-json\/wp\/v2\/pages\/1044\/revisions"}],"wp:attachment":[{"href":"https:\/\/ca2l.com\/ca\/wp-json\/wp\/v2\/media?parent=1044"}],"curies":[{"name":"wp","href":"https:\/\/api.w.org\/{rel}","templated":true}]}}